{"id":99,"date":"2020-12-05T14:46:33","date_gmt":"2020-12-05T13:46:33","guid":{"rendered":"https:\/\/adamowicz-psychoterapia.pl\/?page_id=99"},"modified":"2026-01-03T16:59:06","modified_gmt":"2026-01-03T15:59:06","slug":"kontakt","status":"publish","type":"page","link":"https:\/\/adamowicz-psychoterapia.pl\/?page_id=99","title":{"rendered":"Kontakt\/Cennik"},"content":{"rendered":"\t\t<div data-elementor-type=\"wp-page\" data-elementor-id=\"99\" class=\"elementor elementor-99\">\n\t\t\t\t\t\t<div class=\"elementor-inner\">\n\t\t\t\t<div class=\"elementor-section-wrap\">\n\t\t\t\t\t\t\t\t\t<section class=\"elementor-section elementor-top-section elementor-element elementor-element-538f74d elementor-section-boxed elementor-section-height-default elementor-section-height-default\" data-id=\"538f74d\" data-element_type=\"section\">\n\t\t\t\t\t\t<div class=\"elementor-container elementor-column-gap-default\">\n\t\t\t\t\t\t\t<div class=\"elementor-row\">\n\t\t\t\t\t<div class=\"elementor-column elementor-col-100 elementor-top-column elementor-element elementor-element-5355f0a\" data-id=\"5355f0a\" data-element_type=\"column\">\n\t\t\t<div class=\"elementor-column-wrap elementor-element-populated\">\n\t\t\t\t\t\t\t<div class=\"elementor-widget-wrap\">\n\t\t\t\t\t\t<div class=\"elementor-element elementor-element-b8e0ab7 elementor-widget elementor-widget-google_maps\" data-id=\"b8e0ab7\" data-element_type=\"widget\" data-widget_type=\"google_maps.default\">\n\t\t\t\t<div class=\"elementor-widget-container\">\n\t\t\t\t\t<div class=\"elementor-custom-embed\">\n\t\t\t<iframe frameborder=\"0\" scrolling=\"no\" marginheight=\"0\" marginwidth=\"0\"\n\t\t\t\t\tsrc=\"https:\/\/maps.google.com\/maps?q=Marsza%C5%82ka%20J%C3%B3zefa%20Pi%C5%82sudskiego%2041%2C%20Sosnowiec&#038;t=m&#038;z=14&#038;output=embed&#038;iwloc=near\"\n\t\t\t\t\ttitle=\"Marsza\u0142ka J\u00f3zefa Pi\u0142sudskiego 41, Sosnowiec\"\n\t\t\t\t\taria-label=\"Marsza\u0142ka J\u00f3zefa Pi\u0142sudskiego 41, Sosnowiec\"\n\t\t\t><\/iframe>\n\t\t<\/div>\n\t\t\t\t<\/div>\n\t\t\t\t<\/div>\n\t\t\t\t\t\t<\/div>\n\t\t\t\t\t<\/div>\n\t\t<\/div>\n\t\t\t\t\t\t\t\t<\/div>\n\t\t\t\t\t<\/div>\n\t\t<\/section>\n\t\t\t\t<section class=\"elementor-section elementor-top-section elementor-element elementor-element-5d1a4a5 elementor-section-boxed elementor-section-height-default elementor-section-height-default\" data-id=\"5d1a4a5\" data-element_type=\"section\">\n\t\t\t\t\t\t<div class=\"elementor-container elementor-column-gap-default\">\n\t\t\t\t\t\t\t<div class=\"elementor-row\">\n\t\t\t\t\t<div class=\"elementor-column elementor-col-100 elementor-top-column elementor-element elementor-element-cc58181\" data-id=\"cc58181\" data-element_type=\"column\">\n\t\t\t<div class=\"elementor-column-wrap elementor-element-populated\">\n\t\t\t\t\t\t\t<div class=\"elementor-widget-wrap\">\n\t\t\t\t\t\t<div class=\"elementor-element elementor-element-e83b54f elementor-widget elementor-widget-text-editor\" data-id=\"e83b54f\" data-element_type=\"widget\" data-widget_type=\"text-editor.default\">\n\t\t\t\t<div class=\"elementor-widget-container\">\n\t\t\t\t\t\t\t\t<div class=\"elementor-text-editor elementor-clearfix\">\n\t\t\t\t<p>Ewelina Adamowicz<\/p>\n<p>Marsza\u0142ka J\u00f3zefa Pi\u0142sudskiego 41<\/p>\n<p>41-200 Sosnowiec<\/p>\n<p><a href=\"mailto:ewelina.adamowicz2@gmail.com\">ewelina.adamowicz2@gmail.com<\/a><\/p>\n<p>Tel.: <a href=\"http:\/\/a href=&quot;tel:+48508435272&quot;\" data-wplink-url-error=\"true\">508 435 272<\/a><\/p>\n<p>Koszt konsultacji\/ sesji psychoterapii &#8211; 200 z\u0142<\/p>\t\t\t\t\t<\/div>\n\t\t\t\t\t\t<\/div>\n\t\t\t\t<\/div>\n\t\t\t\t\t\t<\/div>\n\t\t\t\t\t<\/div>\n\t\t<\/div>\n\t\t\t\t\t\t\t\t<\/div>\n\t\t\t\t\t<\/div>\n\t\t<\/section>\n\t\t\t\t<section class=\"elementor-section elementor-top-section elementor-element elementor-element-6552027 elementor-section-boxed elementor-section-height-default elementor-section-height-default\" data-id=\"6552027\" data-element_type=\"section\">\n\t\t\t\t\t\t<div class=\"elementor-container elementor-column-gap-default\">\n\t\t\t\t\t\t\t<div class=\"elementor-row\">\n\t\t\t\t\t<div class=\"elementor-column elementor-col-100 elementor-top-column elementor-element elementor-element-9762268\" data-id=\"9762268\" data-element_type=\"column\">\n\t\t\t<div class=\"elementor-column-wrap elementor-element-populated\">\n\t\t\t\t\t\t\t<div class=\"elementor-widget-wrap\">\n\t\t\t\t\t\t<div class=\"elementor-element elementor-element-b3223e8 elementor-widget elementor-widget-wp-widget-wp-call-button-widget-main-a\" data-id=\"b3223e8\" data-element_type=\"widget\" data-widget_type=\"wp-widget-wp-call-button-widget-main-a.default\">\n\t\t\t\t<div class=\"elementor-widget-container\">\n\t\t\t<a style=\"margin-top: 20px; display: inline-block; box-sizing: border-box; border-radius: 5px;color: white !important; width: auto; text-align: center !important; font-size: 24px !important; font-weight: bold !important; padding: 15px 20px 15px 0 !important; text-decoration: none !important;background: #269041 !important;\" class=\"wp-call-button-widget-btn\" href=\"tel:+48508435272\"><span style=\"color:#fff\"><img decoding=\"async\" style=\"width: 70px; height: 30px; display: inline; vertical-align: middle; box-shadow: none; border: 0;\" src=\"data:image\/svg+xml;base64,PHN2ZyB2ZXJzaW9uPSIxLjEiIHhtbG5zPSJodHRwOi8vd3d3LnczLm9yZy8yMDAwL3N2ZyIgeG1sbnM6eGxpbms9Imh0dHA6Ly93d3cudzMub3JnLzE5OTkveGxpbmsiIHg9IjBweCIgeT0iMHB4IiB3aWR0aD0iNDU5cHgiIGhlaWdodD0iNDU5cHgiIHZpZXdCb3g9IjAgMCA0NTkgNDU5IiBzdHlsZT0iZW5hYmxlLWJhY2tncm91bmQ6bmV3IDAgMCA0NTkgNDU5OyIgeG1sOnNwYWNlPSJwcmVzZXJ2ZSI+PGc+PGcgaWQ9ImNhbGwiPjxwYXRoIHN0eWxlPSJmaWxsOiAjZmZmOyIgZD0iTTkxLjgsMTk4LjljMzUuNyw3MS40LDk2LjksMTMwLjA1LDE2OC4zLDE2OC4zTDMxNi4yLDMxMS4xYzcuNjQ5LTcuNjQ5LDE3Ljg1LTEwLjE5OSwyNS41LTUuMWMyOC4wNSwxMC4yLDU4LjY0OSwxNS4zLDkxLjgsMTUuM2MxNS4zLDAsMjUuNSwxMC4yLDI1LjUsMjUuNXY4Ni43YzAsMTUuMy0xMC4yLDI1LjUtMjUuNSwyNS41QzE5My44LDQ1OSwwLDI2NS4yLDAsMjUuNUMwLDEwLjIsMTAuMiwwLDI1LjUsMGg4OS4yNWMxNS4zLDAsMjUuNSwxMC4yLDI1LjUsMjUuNWMwLDMwLjYsNS4xLDYxLjIsMTUuMyw5MS44YzIuNTUsNy42NSwwLDE3Ljg1LTUuMSwyNS41TDkxLjgsMTk4Ljl6Ii8+PC9nPjwvZz48L3N2Zz4=\" \/>Zadzwo\u0144<\/span><\/a>\t\t<\/div>\n\t\t\t\t<\/div>\n\t\t\t\t\t\t<\/div>\n\t\t\t\t\t<\/div>\n\t\t<\/div>\n\t\t\t\t\t\t\t\t<\/div>\n\t\t\t\t\t<\/div>\n\t\t<\/section>\n\t\t\t\t\t\t\t\t\t<\/div>\n\t\t\t<\/div>\n\t\t\t\t\t<\/div>\n\t\t","protected":false},"excerpt":{"rendered":"<p>Ewelina Adamowicz Marsza\u0142ka J\u00f3zefa Pi\u0142sudskiego 41 41-200 Sosnowiec ewelina.adamowicz2@gmail.com Tel.: 508 435 272 Koszt konsultacji\/ sesji psychoterapii &#8211; 200 z\u0142<\/p>\n","protected":false},"author":1,"featured_media":0,"parent":0,"menu_order":0,"comment_status":"closed","ping_status":"closed","template":"","meta":{"footnotes":""},"class_list":["post-99","page","type-page","status-publish","hentry"],"_links":{"self":[{"href":"https:\/\/adamowicz-psychoterapia.pl\/index.php?rest_route=\/wp\/v2\/pages\/99"}],"collection":[{"href":"https:\/\/adamowicz-psychoterapia.pl\/index.php?rest_route=\/wp\/v2\/pages"}],"about":[{"href":"https:\/\/adamowicz-psychoterapia.pl\/index.php?rest_route=\/wp\/v2\/types\/page"}],"author":[{"embeddable":true,"href":"https:\/\/adamowicz-psychoterapia.pl\/index.php?rest_route=\/wp\/v2\/users\/1"}],"replies":[{"embeddable":true,"href":"https:\/\/adamowicz-psychoterapia.pl\/index.php?rest_route=%2Fwp%2Fv2%2Fcomments&post=99"}],"version-history":[{"count":23,"href":"https:\/\/adamowicz-psychoterapia.pl\/index.php?rest_route=\/wp\/v2\/pages\/99\/revisions"}],"predecessor-version":[{"id":244,"href":"https:\/\/adamowicz-psychoterapia.pl\/index.php?rest_route=\/wp\/v2\/pages\/99\/revisions\/244"}],"wp:attachment":[{"href":"https:\/\/adamowicz-psychoterapia.pl\/index.php?rest_route=%2Fwp%2Fv2%2Fmedia&parent=99"}],"curies":[{"name":"wp","href":"https:\/\/api.w.org\/{rel}","templated":true}]}}