{"id":48,"date":"2020-11-03T05:03:21","date_gmt":"2020-11-03T04:03:21","guid":{"rendered":"https:\/\/adamowicz-psychoterapia.pl\/?page_id=48"},"modified":"2020-12-07T20:10:57","modified_gmt":"2020-12-07T19:10:57","slug":"terapia-online","status":"publish","type":"page","link":"https:\/\/adamowicz-psychoterapia.pl\/?page_id=48","title":{"rendered":"Terapia online"},"content":{"rendered":"\t\t<div data-elementor-type=\"wp-page\" data-elementor-id=\"48\" class=\"elementor elementor-48\">\n\t\t\t\t\t\t<div class=\"elementor-inner\">\n\t\t\t\t<div class=\"elementor-section-wrap\">\n\t\t\t\t\t\t\t\t\t<section class=\"elementor-section elementor-top-section elementor-element elementor-element-fd57847 elementor-section-boxed elementor-section-height-default elementor-section-height-default\" data-id=\"fd57847\" data-element_type=\"section\">\n\t\t\t\t\t\t<div class=\"elementor-container elementor-column-gap-default\">\n\t\t\t\t\t\t\t<div class=\"elementor-row\">\n\t\t\t\t\t<div class=\"elementor-column elementor-col-100 elementor-top-column elementor-element elementor-element-050fa25\" data-id=\"050fa25\" data-element_type=\"column\">\n\t\t\t<div class=\"elementor-column-wrap elementor-element-populated\">\n\t\t\t\t\t\t\t<div class=\"elementor-widget-wrap\">\n\t\t\t\t\t\t<div class=\"elementor-element elementor-element-dae8fe9 elementor-widget elementor-widget-text-editor\" data-id=\"dae8fe9\" data-element_type=\"widget\" data-widget_type=\"text-editor.default\">\n\t\t\t\t<div class=\"elementor-widget-container\">\n\t\t\t\t\t\t\t\t<div class=\"elementor-text-editor elementor-clearfix\">\n\t\t\t\t<div style=\"position: relative; color: #212121; fill: #212121; font-family: Barlow, sans-serif; font-size: 18px; font-style: normal; text-align: center;\">\n<p style=\"margin-bottom: 0px; font-family: 'Frank Ruhl Libre', serif; font-size: 42px; font-weight: bold; line-height: 1.2; color: #212121; fill: #212121;\"><br><\/p>\n<p><\/p>\n<p style=\"margin-bottom: 0px; font-family: Barlow, sans-serif; font-size: 18px; letter-spacing: 0px; line-height: 1.84; text-align: justify;\">Terapia online jest odpowiednia mi\u0119dzy innymi dla os\u00f3b, kt\u00f3re:<br>&#8211; ze wzgl\u0119du na intensywny tryb \u017cycia lub cz\u0119ste podr\u00f3\u017ce s\u0142u\u017cbowe\/prywatne nie maj\u0105 mo\u017cliwo\u015bci uczestniczenia w sesjach psychoterapii prowadzonej stacjonarnie w gabinecie<br>&#8211; z r\u00f3\u017cnych powod\u00f3w medycznych (np. niepe\u0142nosprawno\u015b\u0107, trwaj\u0105ca aktualnie choroba) lub psychologicznych (np. stan depresyjny, nasilony l\u0119k) maj\u0105 utrudnione opuszczanie swojego miejsca zamieszkania i problem w dotarciu do gabinetu psychologa.&nbsp;<\/p>\n<p style=\"margin-bottom: 0px; font-family: Barlow, sans-serif; font-size: 18px; letter-spacing: 0px; line-height: 1.84; text-align: justify;\"><span style=\"font-size: 18px; text-align: center; font-weight: var( --e-global-typography-text-font-weight ); letter-spacing: 0px;\">W celu ustalenia szczeg\u00f3\u0142\u00f3w terapii online prosz\u0119 o kontakt telefoniczny lub mailowy.<\/span><\/p>\n<p style=\"margin-bottom: 0px; font-family: Barlow, sans-serif; font-size: 18px; letter-spacing: 0px; line-height: 1.84; text-align: justify;\"><span style=\"font-size: 18px; text-align: center; font-weight: var( --e-global-typography-text-font-weight ); letter-spacing: 0px;\"><br><\/span><\/p>\n<\/div>\t\t\t\t\t<\/div>\n\t\t\t\t\t\t<\/div>\n\t\t\t\t<\/div>\n\t\t\t\t\t\t<\/div>\n\t\t\t\t\t<\/div>\n\t\t<\/div>\n\t\t\t\t\t\t\t\t<\/div>\n\t\t\t\t\t<\/div>\n\t\t<\/section>\n\t\t\t\t\t\t\t\t\t<\/div>\n\t\t\t<\/div>\n\t\t\t\t\t<\/div>\n\t\t","protected":false},"excerpt":{"rendered":"<p>Terapia online jest odpowiednia mi\u0119dzy innymi dla os\u00f3b, kt\u00f3re: &#8211; ze wzgl\u0119du na intensywny tryb \u017cycia lub cz\u0119ste podr\u00f3\u017ce s\u0142u\u017cbowe\/prywatne nie maj\u0105 mo\u017cliwo\u015bci uczestniczenia w sesjach psychoterapii prowadzonej stacjonarnie w gabinecie &#8211; z r\u00f3\u017cnych powod\u00f3w medycznych (np. niepe\u0142nosprawno\u015b\u0107, trwaj\u0105ca aktualnie choroba) lub psychologicznych (np. stan depresyjny, nasilony l\u0119k) maj\u0105 utrudnione opuszczanie swojego miejsca zamieszkania i <a class=\"read-more\" href=\"https:\/\/adamowicz-psychoterapia.pl\/?page_id=48\">READ MORE<\/a><\/p>\n","protected":false},"author":1,"featured_media":0,"parent":0,"menu_order":0,"comment_status":"closed","ping_status":"closed","template":"","meta":{"footnotes":""},"class_list":["post-48","page","type-page","status-publish","hentry"],"_links":{"self":[{"href":"https:\/\/adamowicz-psychoterapia.pl\/index.php?rest_route=\/wp\/v2\/pages\/48"}],"collection":[{"href":"https:\/\/adamowicz-psychoterapia.pl\/index.php?rest_route=\/wp\/v2\/pages"}],"about":[{"href":"https:\/\/adamowicz-psychoterapia.pl\/index.php?rest_route=\/wp\/v2\/types\/page"}],"author":[{"embeddable":true,"href":"https:\/\/adamowicz-psychoterapia.pl\/index.php?rest_route=\/wp\/v2\/users\/1"}],"replies":[{"embeddable":true,"href":"https:\/\/adamowicz-psychoterapia.pl\/index.php?rest_route=%2Fwp%2Fv2%2Fcomments&post=48"}],"version-history":[{"count":20,"href":"https:\/\/adamowicz-psychoterapia.pl\/index.php?rest_route=\/wp\/v2\/pages\/48\/revisions"}],"predecessor-version":[{"id":129,"href":"https:\/\/adamowicz-psychoterapia.pl\/index.php?rest_route=\/wp\/v2\/pages\/48\/revisions\/129"}],"wp:attachment":[{"href":"https:\/\/adamowicz-psychoterapia.pl\/index.php?rest_route=%2Fwp%2Fv2%2Fmedia&parent=48"}],"curies":[{"name":"wp","href":"https:\/\/api.w.org\/{rel}","templated":true}]}}