{"id":22,"date":"2020-08-13T08:39:07","date_gmt":"2020-08-13T06:39:07","guid":{"rendered":"https:\/\/adamowicz-psychoterapia.pl\/?page_id=22"},"modified":"2020-11-03T09:45:02","modified_gmt":"2020-11-03T08:45:02","slug":"terapia-uzaleznien","status":"publish","type":"page","link":"https:\/\/adamowicz-psychoterapia.pl\/?page_id=22","title":{"rendered":"Terapia uzale\u017cnie\u0144"},"content":{"rendered":"\t\t<div data-elementor-type=\"wp-page\" data-elementor-id=\"22\" class=\"elementor elementor-22\">\n\t\t\t\t\t\t<div class=\"elementor-inner\">\n\t\t\t\t<div class=\"elementor-section-wrap\">\n\t\t\t\t\t\t\t\t\t<section class=\"elementor-section elementor-top-section elementor-element elementor-element-8784952 elementor-section-boxed elementor-section-height-default elementor-section-height-default\" data-id=\"8784952\" data-element_type=\"section\">\n\t\t\t\t\t\t<div class=\"elementor-container elementor-column-gap-default\">\n\t\t\t\t\t\t\t<div class=\"elementor-row\">\n\t\t\t\t\t<div class=\"elementor-column elementor-col-100 elementor-top-column elementor-element elementor-element-fd1bbf7\" data-id=\"fd1bbf7\" data-element_type=\"column\">\n\t\t\t<div class=\"elementor-column-wrap elementor-element-populated\">\n\t\t\t\t\t\t\t<div class=\"elementor-widget-wrap\">\n\t\t\t\t\t\t<div class=\"elementor-element elementor-element-3981968 elementor-widget elementor-widget-text-editor\" data-id=\"3981968\" data-element_type=\"widget\" data-widget_type=\"text-editor.default\">\n\t\t\t\t<div class=\"elementor-widget-container\">\n\t\t\t\t\t\t\t\t<div class=\"elementor-text-editor elementor-clearfix\">\n\t\t\t\t<div class=\"contentgroup__heading \" style=\"position: relative; color: #212121; fill: #212121; font-family: Barlow, sans-serif; font-size: 18px; font-style: normal; text-align: center;\">\n<h2 style=\"margin-bottom: 0px; font-family: 'Frank Ruhl Libre', serif; font-size: 42px; font-weight: bold; line-height: 1.2; color: #212121; fill: #212121;\"><br><\/h2>\n<\/div>\n<div class=\"contentgroup__body \" style=\"position: relative; margin-top: 5px; color: rgba(33, 33, 33, 0.75); font-family: Barlow, sans-serif; font-size: 18px; font-style: normal; text-align: center;\">\n<p style=\"margin-bottom: 0px; font-family: Barlow, sans-serif; font-size: 18px; letter-spacing: 0px; line-height: 1.84; text-align: justify;\">Uzale\u017cnienie jest chorob\u0105, dlatego jak ka\u017cda inna choroba, wymaga leczenia. Podstawow\u0105 metod\u0105 leczenia jest w tym przypadku psychoterapia \u2013 terapeuta w spos\u00f3b obiektywny pomo\u017ce oceni\u0107 rozmiary problemu, przeka\u017ce rzeteln\u0105 wiedz\u0119, zaproponuje konkretne zalecenia i dalsze metody post\u0119powania. &nbsp;Niekiedy ze wzgl\u0119du na bardzo nasilony g\u0142\u00f3d lub towarzysz\u0105ce objawy depresyjne czy l\u0119kowe konieczne jest na jaki\u015b czas wsparcie farmakologiczne \u2013 wtedy osoba umawiana jest te\u017c na konsultacj\u0119 do lekarza psychiatry.<\/p>\n<p style=\"margin-top: 15px; margin-bottom: 0px; font-family: Barlow, sans-serif; font-size: 18px; letter-spacing: 0px; line-height: 1.84; text-align: justify;\">Terapia uzale\u017cnienia, w zale\u017cno\u015bci od etapu na jakim dana osoba si\u0119 znajduje, mo\u017ce polega\u0107 m.in. na dokonaniu diagnozy choroby (jej objaw\u00f3w, fazy rozwoju choroby) wzmocnieniu motywacji do porzucenia danej substancji\/czynno\u015bci, znalezieniu skutecznych sposob\u00f3w radzenia sobie z natr\u0119tn\u0105 potrzeb\u0105 powrotu do szkodliwych zachowa\u0144, odnalezieniu czynnik\u00f3w wspomagaj\u0105cych zdrowienie, polepszeniu funkcjonowania w r\u00f3\u017cnych sferach \u017cycia. Jak wiadomo uzale\u017cnienie wywiera negatywny wp\u0142yw na wiele aspekt\u00f3w \u017cycia cz\u0142owieka, dlatego by m\u00f3c zatrzyma\u0107 t\u0119 chorob\u0119 cz\u0119sto konieczna jest praca nad takimi obszarami jak np. poprawa relacji rodzinnych, wzmocnienie poczucia w\u0142asnej warto\u015bci, nauka asertywnych zachowa\u0144, czy znalezienie konstruktywnych sposob\u00f3w radzenia sobie z r\u00f3\u017cnymi emocjami.<\/p>\n<p style=\"margin-top: 15px; margin-bottom: 0px; font-family: Barlow, sans-serif; font-size: 18px; letter-spacing: 0px; line-height: 1.84; text-align: justify;\">Z pomocy terapeutycznej mog\u0105 skorzysta\u0107 r\u00f3wnie\u017c osoby, kt\u00f3re nie mia\u0142y wcze\u015bniej \u017cadnego kontaktu z terapi\u0105 i nie s\u0105 do ko\u0144ca przekonane, czy dotyczy ich ten problem. Na wst\u0119pnym spotkaniu mo\u017cna bowiem dokona\u0107 diagnozy i wtedy podj\u0105\u0107 decyzj\u0119 o ewentualnej kontynuacji spotka\u0144.<\/p>\n<p style=\"margin-top: 15px; margin-bottom: 0px; font-family: Barlow, sans-serif; font-size: 18px; letter-spacing: 0px; line-height: 1.84; text-align: justify;\">W przypadku problem\u00f3w dotycz\u0105cych nadu\u017cywania alkoholu mo\u017cliwe jest (w zale\u017cno\u015bci od oczekiwa\u0144 pacjenta) podj\u0119cie terapii ukierunkowanej na utrzymywanie ca\u0142kowitej abstynencji lub zmierzaj\u0105cej do ograniczenia picia. Warunkiem przyst\u0105pienia do rekomendowanego przez PARPA Programu Ograniczania Picia, kierowanego przede wszystkim do os\u00f3b pij\u0105cych szkodliwie lub b\u0119d\u0105cych na pocz\u0105tkowym etapie uzale\u017cnienia, jest spe\u0142nienie wymog\u00f3w kwalifikacyjnych Programu, co weryfikowane jest podczas pierwszych spotka\u0144 z terapeut\u0105.<\/p>\n<p style=\"margin-top: 15px; margin-bottom: 0px; font-family: Barlow, sans-serif; font-size: 18px; letter-spacing: 0px; line-height: 1.84; text-align: justify;\">Do kontaktu zapraszam te\u017c osoby, kt\u00f3re same nie maj\u0105 problemu z uzale\u017cnieniem, ale jest on obecny w ich rodzinie, otoczeniu. Z konsultacji lub terapii mog\u0105 skorzysta\u0107 zar\u00f3wno osoby tzw. wsp\u00f3\u0142uzale\u017cnione, b\u0119d\u0105ce w zwi\u0105zku z osob\u0105 uzale\u017cnion\u0105, osoby wychowywane w rodzinie z problemem alkoholowym (DDA \u2013 Doros\u0142e Dzieci Alkoholik\u00f3w) oraz wszyscy ci, kt\u00f3rzy szukaj\u0105 pomocy dla swoich bliskich lub dla samych siebie.<\/p>\n<p style=\"margin-top: 15px; margin-bottom: 0px; font-family: Barlow, sans-serif; font-size: 18px; letter-spacing: 0px; line-height: 1.84; text-align: justify;\">Ka\u017cde spotkanie i dane osobiste obj\u0119te s\u0105 tajemnic\u0105 a zakres terapii i cele ustalane wsp\u00f3lnie z pacjentem.<\/p>\n<\/div>\t\t\t\t\t<\/div>\n\t\t\t\t\t\t<\/div>\n\t\t\t\t<\/div>\n\t\t\t\t\t\t<\/div>\n\t\t\t\t\t<\/div>\n\t\t<\/div>\n\t\t\t\t\t\t\t\t<\/div>\n\t\t\t\t\t<\/div>\n\t\t<\/section>\n\t\t\t\t\t\t\t\t\t<\/div>\n\t\t\t<\/div>\n\t\t\t\t\t<\/div>\n\t\t","protected":false},"excerpt":{"rendered":"<p>Uzale\u017cnienie jest chorob\u0105, dlatego jak ka\u017cda inna choroba, wymaga leczenia. Podstawow\u0105 metod\u0105 leczenia jest w tym przypadku psychoterapia \u2013 terapeuta w spos\u00f3b obiektywny pomo\u017ce oceni\u0107 rozmiary problemu, przeka\u017ce rzeteln\u0105 wiedz\u0119, zaproponuje konkretne zalecenia i dalsze metody post\u0119powania. &nbsp;Niekiedy ze wzgl\u0119du na bardzo nasilony g\u0142\u00f3d lub towarzysz\u0105ce objawy depresyjne czy l\u0119kowe konieczne jest na jaki\u015b czas <a class=\"read-more\" href=\"https:\/\/adamowicz-psychoterapia.pl\/?page_id=22\">READ MORE<\/a><\/p>\n","protected":false},"author":1,"featured_media":0,"parent":0,"menu_order":0,"comment_status":"closed","ping_status":"closed","template":"","meta":{"footnotes":""},"class_list":["post-22","page","type-page","status-publish","hentry"],"_links":{"self":[{"href":"https:\/\/adamowicz-psychoterapia.pl\/index.php?rest_route=\/wp\/v2\/pages\/22"}],"collection":[{"href":"https:\/\/adamowicz-psychoterapia.pl\/index.php?rest_route=\/wp\/v2\/pages"}],"about":[{"href":"https:\/\/adamowicz-psychoterapia.pl\/index.php?rest_route=\/wp\/v2\/types\/page"}],"author":[{"embeddable":true,"href":"https:\/\/adamowicz-psychoterapia.pl\/index.php?rest_route=\/wp\/v2\/users\/1"}],"replies":[{"embeddable":true,"href":"https:\/\/adamowicz-psychoterapia.pl\/index.php?rest_route=%2Fwp%2Fv2%2Fcomments&post=22"}],"version-history":[{"count":7,"href":"https:\/\/adamowicz-psychoterapia.pl\/index.php?rest_route=\/wp\/v2\/pages\/22\/revisions"}],"predecessor-version":[{"id":60,"href":"https:\/\/adamowicz-psychoterapia.pl\/index.php?rest_route=\/wp\/v2\/pages\/22\/revisions\/60"}],"wp:attachment":[{"href":"https:\/\/adamowicz-psychoterapia.pl\/index.php?rest_route=%2Fwp%2Fv2%2Fmedia&parent=22"}],"curies":[{"name":"wp","href":"https:\/\/api.w.org\/{rel}","templated":true}]}}